{"id":951,"date":"2021-02-24T19:41:12","date_gmt":"2021-02-24T18:41:12","guid":{"rendered":"http:\/\/localhost\/zumba\/?page_id=951"},"modified":"2021-02-24T20:31:11","modified_gmt":"2021-02-24T19:31:11","slug":"zumba-kids-2","status":"publish","type":"page","link":"https:\/\/zumba.drax-online.de\/?page_id=951","title":{"rendered":"Zumba Kids"},"content":{"rendered":"<div data-colibri-id=\"951-c1\" class=\"style-528 style-local-951-c1 position-relative\">\n  <!---->\n  <div data-colibri-component=\"section\" data-colibri-id=\"951-c2\" id=\"custom\" class=\"h-section h-section-global-spacing d-flex align-items-lg-center align-items-md-center align-items-center style-529 style-local-951-c2 position-relative\">\n    <!---->\n    <!---->\n    <div style=\"height: 100px; bottom: calc(0px);\" class=\"h-separator\">\n      <svg style=\"fill:rgb(204, 204, 204);transform:rotateX(180deg);\" xmlns=\"http:\/\/www.w3.org\/2000\/svg\" viewBox=\"0 0 1000 100\" preserveAspectRatio=\"none\">\n        <g opacity=\"0.33\">\n          <path d=\"M385.42,52.92c-11.63,4.22-23.18,9-34.52,14.38-103.18,49-91.83-33.55-148.36-.49,50.13,17.35,121.87,64.84,270.46.49,11-4.7,64.52-25.43,118-41.8-4-.52-8.45-.95-13.41-1.28C507.83,41.64,455.4,71.84,385.42,52.92Z\" transform=\"translate(0 0)\" style=\"isolation:isolate\"><\/path>\n          <path d=\"M0,59.7S48.08,103,116.06,83.43C54.25,76.6,0,39.8,0,39.8Z\" transform=\"translate(0 0)\" style=\"isolation:isolate\"><\/path>\n          <path d=\"M916.4,48.1c-55.76,5.45-76.83,2-111.28-7.81-3.09,1.4-6.07,2.81-9,4.22,13.93,8.57,25.54,16.74,33.15,22.39,13,9.8,43,25.4,75.8,22.1S1000,59.7,1000,59.7V36.5s-6.87-4.5-21.48-9.06C966,36.56,946.56,45.15,916.4,48.1Z\" transform=\"translate(0 0)\" style=\"isolation:isolate\"><\/path>\n        <\/g>\n        <g opacity=\"0.66\">\n          <path d=\"M771.65,30.49,766.1,28.9c-55-15.81-99.84-18-138.66-13.76a368.79,368.79,0,0,0-49.81,9.08c5,.33,9.44.76,13.41,1.28a89.13,89.13,0,0,1,13.86,2.7C656.8,44.1,688.5,67.3,734,67.3c19.82,0,38-11.12,62.15-22.79,2.9-1.41,5.88-2.82,9-4.22C795.39,37.52,784.59,34.23,771.65,30.49Z\"\n            transform=\"translate(0 0)\"><\/path>\n          <path d=\"M371,48.4C242,1.8,242,5.4,184.8,20.6,128,35.8,132.3,44.9,89.9,52.5,28.6,63.7,0,0,0,0V39.8S54.25,76.6,116.06,83.43c28.46,3.15,58.53-.05,85.64-16.13l.84-.49c56.53-33.06,45.18,49.44,148.36.49,11.34-5.38,22.89-10.16,34.52-14.38Q378.34,51,371,48.4Z\"\n            transform=\"translate(0 0)\"><\/path>\n          <path d=\"M978.52,27.44C993.13,32,1000,36.5,1000,36.5V0S996.54,14.27,978.52,27.44Z\" transform=\"translate(0 0)\"><\/path>\n        <\/g>\n        <path d=\"M0,0S28.6,63.7,89.9,52.5c42.4-7.6,38.1-16.7,94.9-31.9C242,5.4,242,1.8,371,48.4q7.33,2.61,14.42,4.52c70,18.92,122.41-11.28,192.21-28.7a368.79,368.79,0,0,1,49.81-9.08c38.82-4.21,83.68-2.05,138.66,13.76l5.55,1.59c12.94,3.74,23.74,7,33.47,9.8,34.45,9.83,55.52,13.26,111.28,7.81,30.16-3,49.63-11.54,62.12-20.66C996.54,14.27,1000,0,1000,0Z\"\n          transform=\"translate(0 0)\"><\/path>\n      <\/svg>\n    <\/div>\n    <div class=\"h-section-grid-container h-section-fluid-container\">\n      <!---->\n      <div data-colibri-id=\"951-c3\" class=\"h-row-container gutters-row-lg-1 gutters-row-md-1 gutters-row-0 gutters-row-v-lg-1 gutters-row-v-md-1 gutters-row-v-1 style-530 style-local-951-c3 position-relative\">\n        <!---->\n        <div class=\"h-row justify-content-lg-center justify-content-md-center justify-content-center align-items-lg-stretch align-items-md-stretch align-items-stretch gutters-col-lg-1 gutters-col-md-1 gutters-col-0 gutters-col-v-lg-1 gutters-col-v-md-1 gutters-col-v-1\">\n          <!---->\n          <div class=\"h-column h-column-container d-flex h-col-lg-auto h-col-md-auto h-col-auto style-531-outer style-local-951-c4-outer\">\n            <div data-colibri-id=\"951-c4\" class=\"d-flex h-flex-basis h-column__inner h-px-lg-1 h-px-md-1 h-px-1 v-inner-lg-1 v-inner-md-1 v-inner-1 style-531 style-local-951-c4 position-relative\">\n              <!---->\n              <!---->\n              <div class=\"w-100 h-y-container h-column__content h-column__v-align flex-basis-100 align-self-lg-start align-self-md-start align-self-start\">\n                <!---->\n                <div data-colibri-id=\"951-c20\" class=\"h-x-container style-548 style-local-951-c20 position-relative h-element\">\n                  <!---->\n                  <div class=\"h-x-container-inner style-dynamic-951-c20-group style-548-spacing style-local-951-c20-spacing\"><span class=\"h-link__outer style-549-outer style-local-951-c21-outer d-inline-flex h-element\"><a h-use-smooth-scroll=\"true\" href=\"http:\/\/localhost\/zumba\"  data-colibri-id=\"951-c21\" class=\"d-flex w-100 align-items-center h-link style-549 style-local-951-c21 position-relative\"><!----><!----> <span>&#8230; zur\u00fcck zur Startseite<\/span><\/a>\n                    <\/span>\n                  <\/div>\n                <\/div>\n                <div data-colibri-id=\"951-c6\" class=\"h-text h-text-component style-533 style-local-951-c6 position-relative h-element\">\n                  <!---->\n                  <!---->\n                  <div class=\"\">\n                    <p><span style=\"font-size: 16pt;\">ZUMBA\u00ae&nbsp;KIDS<\/span><\/p>\n                    <p><span style=\"font-family: Wingdings; color: rgb(34, 34, 34);\">\u00d8&nbsp;<\/span><strong style=\"font-family: Helvetica, sans-serif; color: rgb(34, 34, 34);\">Perfekt f\u00fcr <\/strong><span style=\"font-family: Helvetica, sans-serif; color: rgb(34, 34, 34);\">Perfekt f\u00fcr unsere j\u00fcngeren Zumba\u00ae Fans! Kinder von 7-11 Jahren erhalten die M\u00f6glichkeit, sich k\u00f6rperlich zu bet\u00e4tigen und zu ihrer Lieblingsmusik zu tanzen.<\/span><\/p>\n                    <p><span style=\"font-family: Wingdings; color: rgb(34, 34, 34);\">\u00d8&nbsp;<\/span><strong style=\"font-family: Helvetica, sans-serif; color: rgb(34, 34, 34);\">So funktioniert\u2019s <\/strong><span style=\"font-family: Helvetica, sans-serif; color: rgb(34, 34, 34);\">Zumba\u00ae Kids Kurse enthalten kinderfreundliche Choreos, die sich nach Original Zumba\u00ae Choreos richten. Wir erkl\u00e4ren im Kurs die Schritte, machen Spiele und lernen andere Kulturen kennen.<\/span><\/p>\n                    <p><span style=\"font-family: Wingdings; color: rgb(34, 34, 34);\">\u00d8&nbsp;<\/span><strong style=\"font-family: Helvetica, sans-serif; color: rgb(34, 34, 34);\">Vorteile <\/strong><span style=\"font-family: Helvetica, sans-serif; color: rgb(34, 34, 34);\">Hilft dabei, einen gesunden Lebensstil zu f\u00fchren und baut Fitness in den Alltag von Kindern ein, indem sie sehen, wie viel Spa\u00df das machen kann. Die Kurse beinhalten wichtige Elemente f\u00fcr die Entwicklung von Kindern wie zum Beispiel \u00dcbernehmen von F\u00fchrungsaufgaben, Respekt, Team-Work, Selbstvertrauen, Selbstwertgef\u00fchl, Ged\u00e4chtnistraining, Kreativit\u00e4t, Koordination, Kulturbewusstsein.<\/span><\/p>\n                    <p>\n                      <br>\n                    <\/p>\n                  <\/div>\n                <\/div>\n              <\/div>\n            <\/div>\n          <\/div>\n          <div class=\"h-column h-column-container d-flex h-col-lg-auto h-col-md-auto h-col-auto style-532-outer style-local-951-c5-outer\">\n            <div data-colibri-id=\"951-c5\" class=\"d-flex h-flex-basis h-column__inner h-px-lg-1 h-px-md-1 h-px-1 v-inner-lg-1 v-inner-md-1 v-inner-1 style-532 style-local-951-c5 position-relative\">\n              <!---->\n              <!---->\n              <div class=\"w-100 h-y-container h-column__content h-column__v-align flex-basis-100 align-self-lg-start align-self-md-start align-self-start\">\n                <!---->\n                <div data-colibri-id=\"951-c7\" class=\"d-block style-534 style-local-951-c7 position-relative h-element\">\n                  <!---->\n                  <div class=\"h-image__frame-container-outer\">\n                    <div class=\"h-image__frame-container\">\n                      <!---->\n                      <!---->\n                      <img loading=\"lazy\" width=\"600\" height=\"338\" src=\"http:\/\/localhost\/zumba\/wp-content\/uploads\/2021\/02\/cropped-Zumba-Kids-1.jpg\" class=\"wp-image-1026 style-534-image style-local-951-c7-image\" srcset=\"https:\/\/zumba.drax-online.de\/wp-content\/uploads\/2021\/02\/cropped-Zumba-Kids-1.jpg 600w, https:\/\/zumba.drax-online.de\/wp-content\/uploads\/2021\/02\/cropped-Zumba-Kids-1-300x169.jpg 300w\" sizes=\"(max-width: 600px) 100vw, 600px\" alt=\"\" \/>\n                      <div class=\"h-image__frame h-hide-lg h-hide-md h-hide-sm style-534-frameImage style-local-951-c7-frameImage\"><\/div>\n                    <\/div>\n                  <\/div>\n                <\/div>\n              <\/div>\n            <\/div>\n          <\/div>\n        <\/div>\n      <\/div>\n      <div data-colibri-id=\"951-c26\" class=\"h-row-container gutters-row-lg-2 gutters-row-md-2 gutters-row-0 gutters-row-v-lg-2 gutters-row-v-md-2 gutters-row-v-2 style-556 style-local-951-c26 position-relative\">\n        <!---->\n        <div class=\"h-row justify-content-lg-center justify-content-md-center justify-content-center align-items-lg-stretch align-items-md-stretch align-items-stretch gutters-col-lg-2 gutters-col-md-2 gutters-col-0 gutters-col-v-lg-2 gutters-col-v-md-2 gutters-col-v-2\">\n          <!---->\n          <div class=\"h-column h-column-container d-flex h-col-lg-auto h-col-md-auto h-col-auto style-557-outer style-local-951-c27-outer\">\n            <div data-colibri-id=\"951-c27\" class=\"d-flex h-flex-basis h-column__inner h-px-lg-2 h-px-md-2 h-px-2 v-inner-lg-2 v-inner-md-2 v-inner-2 style-557 style-local-951-c27 position-relative\">\n              <!---->\n              <!---->\n              <div class=\"w-100 h-y-container h-column__content h-column__v-align flex-basis-100 align-self-lg-start align-self-md-start align-self-start\">\n                <!---->\n                <div data-colibri-component=\"dropdown-menu\" role=\"navigation\" h-use-smooth-scroll-all=\"true\" data-colibri-id=\"951-c28\" class=\"h-menu h-global-transition-all h-ignore-global-body-typography has-offcanvas-mobile h-menu-horizontal h-dropdown-menu style-555 style-local-951-c28 position-relative h-element\">\n                  <!---->\n                  <div class=\"h-global-transition-all h-main-menu\"><div class=\"colibri-menu-container\"><ul id=\"menu-footer-menue\" class=\"colibri-menu bordered-active-item bordered-active-item--bottom effect-borders-grow grow-from-left\"><li id=\"menu-item-348\" class=\"menu-item menu-item-type-post_type menu-item-object-page menu-item-348\"><a href=\"https:\/\/zumba.drax-online.de\/?page_id=342\">Cookies<\/a><\/li>\n<li id=\"menu-item-347\" class=\"menu-item menu-item-type-post_type menu-item-object-page menu-item-347\"><a href=\"https:\/\/zumba.drax-online.de\/?page_id=340\">Datenschutz<\/a><\/li>\n<li id=\"menu-item-346\" class=\"menu-item menu-item-type-post_type menu-item-object-page menu-item-346\"><a href=\"https:\/\/zumba.drax-online.de\/?page_id=339\">Impressum<\/a><\/li>\n<\/ul><\/div><\/div>\n                  <div data-colibri-id=\"951-c29\" class=\"h-mobile-menu h-global-transition-disable style-558 style-local-951-c29 position-relative h-element\">\n                    <!---->\n                    <a data-click-outside=\"true\" data-target=\"#offcanvas-wrapper-951-c29\" data-target-id=\"offcanvas-wrapper-951-c29\" data-offcanvas-overlay-id=\"offcanvas-overlay-951-c29\" href=\"#\" data-colibri-component=\"offcanvas\" data-direction=\"right\"\n                      data-push=\"false\" title=\"Menu\" class=\"h-hamburger-button\">\n                      <div class=\"icon-container h-hamburger-icon\">\n                        <div class=\"h-icon-svg\" style=\"width: 100%; height: 100%;\">\n                          <!--Icon by Font Awesome (https:\/\/fontawesome.com)-->\n                          <svg version=\"1.1\" xmlns=\"http:\/\/www.w3.org\/2000\/svg\" xmlns:xlink=\"http:\/\/www.w3.org\/1999\/xlink\" id=\"bars\" viewBox=\"0 0 1536 1896.0833\">\n                            <path d=\"M1536 1344v128q0 26-19 45t-45 19H64q-26 0-45-19t-19-45v-128q0-26 19-45t45-19h1408q26 0 45 19t19 45zm0-512v128q0 26-19 45t-45 19H64q-26 0-45-19T0 960V832q0-26 19-45t45-19h1408q26 0 45 19t19 45zm0-512v128q0 26-19 45t-45 19H64q-26 0-45-19T0 448V320q0-26 19-45t45-19h1408q26 0 45 19t19 45z\"><\/path>\n                          <\/svg>\n                        <\/div>\n                      <\/div>\n                    <\/a>\n                    <div id=\"offcanvas-wrapper-951-c29\" class=\"h-offcanvas-panel offcanvas offcanvas-right hide force-hide style-558-offscreen style-local-951-c29-offscreen\">\n                      <div data-colibri-id=\"951-c30\" class=\"d-flex flex-column h-offscreen-panel style-559 style-local-951-c30 position-relative h-element\">\n                        <!---->\n                        <div class=\"offscreen-header h-ui-empty-state-container\">\n                          <div data-colibri-id=\"951-c32\" class=\"h-row-container gutters-row-lg-0 gutters-row-md-0 gutters-row-0 gutters-row-v-lg-0 gutters-row-v-md-0 gutters-row-v-0 style-561 style-local-951-c32 position-relative\">\n                            <!---->\n                            <div class=\"h-row justify-content-lg-center justify-content-md-center justify-content-center align-items-lg-stretch align-items-md-stretch align-items-stretch gutters-col-lg-0 gutters-col-md-0 gutters-col-0 gutters-col-v-lg-0 gutters-col-v-md-0 gutters-col-v-0\">\n                              <!---->\n                              <div class=\"h-column h-column-container d-flex h-col-lg h-col-md h-col-auto style-562-outer style-local-951-c33-outer\">\n                                <div data-colibri-id=\"951-c33\" class=\"d-flex h-flex-basis h-column__inner h-px-lg-2 h-px-md-2 h-px-2 v-inner-lg-2 v-inner-md-2 v-inner-2 style-562 style-local-951-c33 position-relative\">\n                                  <!---->\n                                  <!---->\n                                  <div class=\"w-100 h-y-container h-column__content h-column__v-align flex-basis-100 align-self-lg-start align-self-md-start align-self-start\">\n                                    <!---->\n                                    <div data-colibri-id=\"951-c34\" class=\"d-flex align-items-center text-lg-center text-md-center text-center justify-content-lg-center justify-content-md-center justify-content-center style-563 style-local-951-c34 position-relative h-element\">\n                                      <!---->\n                                      <a rel=\"home\" href=\"https:\/\/zumba.drax-online.de\/\" h-use-smooth-scroll=\"true\" class=\"d-flex align-items-center\">\n                                        <img src=\"https:\/\/zumba.drax-online.de\/wp-content\/uploads\/2021\/02\/ZV5.jpg\" class=\"h-logo__image h-logo__image_h logo-image style-563-image style-local-951-c34-image\" alt=\"\" \/>\n                                        <img src=\"https:\/\/zumba.drax-online.de\/wp-content\/uploads\/2021\/02\/ZV5.jpg\" class=\"h-logo__alt-image h-logo__alt-image_h logo-alt-image style-563-image style-local-951-c34-image\">\n                                      <\/a>\n                                    <\/div>\n                                  <\/div>\n                                <\/div>\n                              <\/div>\n                            <\/div>\n                          <\/div>\n                        <\/div>\n                        <div class=\"offscreen-content\">\n                          <!---->\n                          <div data-colibri-component=\"accordion-menu\" role=\"navigation\" h-use-smooth-scroll-all=\"true\" data-colibri-id=\"951-c31\" class=\"h-menu h-global-transition-all h-ignore-global-body-typography h-mobile-menu h-menu-accordion style-560 style-local-951-c31 position-relative h-element\">\n                            <!---->\n                            <div class=\"h-global-transition-all h-mobile-menu\"><div class=\"colibri-menu-container\"><ul id=\"menu-footer-menue-1\" class=\"colibri-menu none \"><li class=\"menu-item menu-item-type-post_type menu-item-object-page menu-item-348\"><a href=\"https:\/\/zumba.drax-online.de\/?page_id=342\">Cookies<\/a><\/li>\n<li class=\"menu-item menu-item-type-post_type menu-item-object-page menu-item-347\"><a href=\"https:\/\/zumba.drax-online.de\/?page_id=340\">Datenschutz<\/a><\/li>\n<li class=\"menu-item menu-item-type-post_type menu-item-object-page menu-item-346\"><a href=\"https:\/\/zumba.drax-online.de\/?page_id=339\">Impressum<\/a><\/li>\n<\/ul><\/div><\/div>\n                          <\/div>\n                        <\/div>\n                        <div class=\"offscreen-footer h-ui-empty-state-container\">\n                          <div data-colibri-id=\"951-c35\" class=\"h-row-container gutters-row-lg-0 gutters-row-md-0 gutters-row-0 gutters-row-v-lg-0 gutters-row-v-md-0 gutters-row-v-0 style-564 style-local-951-c35 position-relative\">\n                            <!---->\n                            <div class=\"h-row justify-content-lg-center justify-content-md-center justify-content-center align-items-lg-stretch align-items-md-stretch align-items-stretch gutters-col-lg-0 gutters-col-md-0 gutters-col-0 gutters-col-v-lg-0 gutters-col-v-md-0 gutters-col-v-0\">\n                              <!---->\n                              <div class=\"h-column h-column-container d-flex h-col-lg h-col-md h-col-auto style-565-outer style-local-951-c36-outer\">\n                                <div data-colibri-id=\"951-c36\" class=\"d-flex h-flex-basis h-column__inner h-px-lg-2 h-px-md-2 h-px-2 v-inner-lg-2 v-inner-md-2 v-inner-2 style-565 style-local-951-c36 position-relative\">\n                                  <!---->\n                                  <!---->\n                                  <div class=\"w-100 h-y-container h-column__content h-column__v-align flex-basis-100 align-self-lg-start align-self-md-start align-self-start\">\n                                    <!---->\n                                    <div data-colibri-id=\"951-c37\" class=\"h-text h-text-component style-566 style-local-951-c37 position-relative h-element\">\n                                      <!---->\n                                      <!---->\n                                      <div class=\"\">\n                                        <p>\u00a9 2021<\/p>\n                                      <\/div>\n                                    <\/div>\n                                  <\/div>\n                                <\/div>\n                              <\/div>\n                            <\/div>\n                          <\/div>\n                        <\/div>\n                      <\/div>\n                    <\/div>\n                    <div id=\"offcanvas-overlay-951-c29\" class=\"offscreen-overlay style-558-offscreenOverlay style-local-951-c29-offscreenOverlay\"><\/div>\n                  <\/div>\n                <\/div>\n              <\/div>\n            <\/div>\n          <\/div>\n        <\/div>\n      <\/div>\n    <\/div>\n  <\/div>\n<\/div>","protected":false},"excerpt":{"rendered":"<p>&#8230; zur\u00fcck zur Startseite ZUMBA\u00ae&nbsp;KIDS \u00d8&nbsp;Perfekt f\u00fcr Perfekt f\u00fcr unsere j\u00fcngeren Zumba\u00ae Fans! Kinder von 7-11 Jahren erhalten die M\u00f6glichkeit, sich k\u00f6rperlich zu bet\u00e4tigen und zu ihrer Lieblingsmusik zu tanzen. \u00d8&nbsp;So funktioniert\u2019s Zumba\u00ae Kids Kurse enthalten kinderfreundliche Choreos, die sich nach Original Zumba\u00ae Choreos richten. Wir erkl\u00e4ren im Kurs die Schritte, machen Spiele und lernen [&hellip;]<\/p>\n","protected":false},"author":1,"featured_media":0,"parent":0,"menu_order":0,"comment_status":"closed","ping_status":"closed","template":"page-templates\/full-width-page.php","meta":[],"_links":{"self":[{"href":"https:\/\/zumba.drax-online.de\/index.php?rest_route=\/wp\/v2\/pages\/951"}],"collection":[{"href":"https:\/\/zumba.drax-online.de\/index.php?rest_route=\/wp\/v2\/pages"}],"about":[{"href":"https:\/\/zumba.drax-online.de\/index.php?rest_route=\/wp\/v2\/types\/page"}],"author":[{"embeddable":true,"href":"https:\/\/zumba.drax-online.de\/index.php?rest_route=\/wp\/v2\/users\/1"}],"replies":[{"embeddable":true,"href":"https:\/\/zumba.drax-online.de\/index.php?rest_route=%2Fwp%2Fv2%2Fcomments&post=951"}],"version-history":[{"count":6,"href":"https:\/\/zumba.drax-online.de\/index.php?rest_route=\/wp\/v2\/pages\/951\/revisions"}],"predecessor-version":[{"id":1056,"href":"https:\/\/zumba.drax-online.de\/index.php?rest_route=\/wp\/v2\/pages\/951\/revisions\/1056"}],"wp:attachment":[{"href":"https:\/\/zumba.drax-online.de\/index.php?rest_route=%2Fwp%2Fv2%2Fmedia&parent=951"}],"curies":[{"name":"wp","href":"https:\/\/api.w.org\/{rel}","templated":true}]}}