{"id":947,"date":"2021-02-24T19:39:54","date_gmt":"2021-02-24T18:39:54","guid":{"rendered":"http:\/\/localhost\/zumba\/?page_id=947"},"modified":"2021-03-05T14:27:26","modified_gmt":"2021-03-05T13:27:26","slug":"zumba-gold-2","status":"publish","type":"page","link":"https:\/\/zumba.drax-online.de\/?page_id=947","title":{"rendered":"Zumba Gold"},"content":{"rendered":"<div data-colibri-id=\"947-c1\" class=\"style-480 style-local-947-c1 position-relative\">\n  <!---->\n  <div data-colibri-component=\"section\" data-colibri-id=\"947-c2\" id=\"custom\" class=\"h-section h-section-global-spacing d-flex align-items-lg-center align-items-md-center align-items-center style-481 style-local-947-c2 position-relative\">\n    <!---->\n    <!---->\n    <div class=\"h-separator\" style=\"height: 100px; bottom: calc(0px);\">\n      <svg style=\"fill:rgb(204, 204, 204);transform:rotateX(180deg);\" xmlns=\"http:\/\/www.w3.org\/2000\/svg\" viewBox=\"0 0 1000 100\" preserveAspectRatio=\"none\">\n        <g opacity=\"0.33\">\n          <path d=\"M385.42,52.92c-11.63,4.22-23.18,9-34.52,14.38-103.18,49-91.83-33.55-148.36-.49,50.13,17.35,121.87,64.84,270.46.49,11-4.7,64.52-25.43,118-41.8-4-.52-8.45-.95-13.41-1.28C507.83,41.64,455.4,71.84,385.42,52.92Z\" transform=\"translate(0 0)\" style=\"isolation:isolate\"><\/path>\n          <path d=\"M0,59.7S48.08,103,116.06,83.43C54.25,76.6,0,39.8,0,39.8Z\" transform=\"translate(0 0)\" style=\"isolation:isolate\"><\/path>\n          <path d=\"M916.4,48.1c-55.76,5.45-76.83,2-111.28-7.81-3.09,1.4-6.07,2.81-9,4.22,13.93,8.57,25.54,16.74,33.15,22.39,13,9.8,43,25.4,75.8,22.1S1000,59.7,1000,59.7V36.5s-6.87-4.5-21.48-9.06C966,36.56,946.56,45.15,916.4,48.1Z\" transform=\"translate(0 0)\" style=\"isolation:isolate\"><\/path>\n        <\/g>\n        <g opacity=\"0.66\">\n          <path d=\"M771.65,30.49,766.1,28.9c-55-15.81-99.84-18-138.66-13.76a368.79,368.79,0,0,0-49.81,9.08c5,.33,9.44.76,13.41,1.28a89.13,89.13,0,0,1,13.86,2.7C656.8,44.1,688.5,67.3,734,67.3c19.82,0,38-11.12,62.15-22.79,2.9-1.41,5.88-2.82,9-4.22C795.39,37.52,784.59,34.23,771.65,30.49Z\"\n            transform=\"translate(0 0)\"><\/path>\n          <path d=\"M371,48.4C242,1.8,242,5.4,184.8,20.6,128,35.8,132.3,44.9,89.9,52.5,28.6,63.7,0,0,0,0V39.8S54.25,76.6,116.06,83.43c28.46,3.15,58.53-.05,85.64-16.13l.84-.49c56.53-33.06,45.18,49.44,148.36.49,11.34-5.38,22.89-10.16,34.52-14.38Q378.34,51,371,48.4Z\"\n            transform=\"translate(0 0)\"><\/path>\n          <path d=\"M978.52,27.44C993.13,32,1000,36.5,1000,36.5V0S996.54,14.27,978.52,27.44Z\" transform=\"translate(0 0)\"><\/path>\n        <\/g>\n        <path d=\"M0,0S28.6,63.7,89.9,52.5c42.4-7.6,38.1-16.7,94.9-31.9C242,5.4,242,1.8,371,48.4q7.33,2.61,14.42,4.52c70,18.92,122.41-11.28,192.21-28.7a368.79,368.79,0,0,1,49.81-9.08c38.82-4.21,83.68-2.05,138.66,13.76l5.55,1.59c12.94,3.74,23.74,7,33.47,9.8,34.45,9.83,55.52,13.26,111.28,7.81,30.16-3,49.63-11.54,62.12-20.66C996.54,14.27,1000,0,1000,0Z\"\n          transform=\"translate(0 0)\"><\/path>\n      <\/svg>\n    <\/div>\n    <div class=\"h-section-grid-container h-section-fluid-container\">\n      <!---->\n      <div data-colibri-id=\"947-c3\" class=\"h-row-container gutters-row-lg-2 gutters-row-md-2 gutters-row-0 gutters-row-v-lg-2 gutters-row-v-md-2 gutters-row-v-2 style-500 style-local-947-c3 position-relative\">\n        <!---->\n        <div class=\"h-row justify-content-lg-center justify-content-md-center justify-content-center align-items-lg-stretch align-items-md-stretch align-items-stretch gutters-col-lg-2 gutters-col-md-2 gutters-col-0 gutters-col-v-lg-2 gutters-col-v-md-2 gutters-col-v-2\">\n          <!---->\n          <div class=\"h-column h-column-container d-flex h-col-lg-auto h-col-md-auto h-col-auto style-501-outer style-local-947-c4-outer\">\n            <div data-colibri-id=\"947-c4\" class=\"d-flex h-flex-basis h-column__inner h-px-lg-2 h-px-md-2 h-px-2 v-inner-lg-2 v-inner-md-2 v-inner-2 style-501 style-local-947-c4 position-relative\">\n              <!---->\n              <!---->\n              <div class=\"w-100 h-y-container h-column__content h-column__v-align flex-basis-100 align-self-lg-start align-self-md-start align-self-start\">\n                <!---->\n                <div data-colibri-id=\"947-c5\" class=\"h-x-container style-502 style-local-947-c5 position-relative h-element\">\n                  <!---->\n                  <div class=\"h-x-container-inner style-dynamic-947-c5-group style-502-spacing style-local-947-c5-spacing\"><span class=\"h-link__outer style-503-outer style-local-947-c6-outer d-inline-flex h-element\"><a h-use-smooth-scroll=\"true\" href=\"http:\/\/localhost\/zumba\"  data-colibri-id=\"947-c6\" class=\"d-flex w-100 align-items-center h-link style-503 style-local-947-c6 position-relative\"><!----><!----> <span>&#8230; zur\u00fcck zur Startseite<\/span><\/a>\n                    <\/span>\n                  <\/div>\n                <\/div>\n              <\/div>\n            <\/div>\n          <\/div>\n        <\/div>\n      <\/div>\n      <div data-colibri-id=\"947-c7\" class=\"h-row-container gutters-row-lg-2 gutters-row-md-2 gutters-row-0 gutters-row-v-lg-2 gutters-row-v-md-2 gutters-row-v-2 style-482 style-local-947-c7 position-relative\">\n        <!---->\n        <div class=\"h-row justify-content-lg-center justify-content-md-center justify-content-center align-items-lg-stretch align-items-md-stretch align-items-stretch gutters-col-lg-2 gutters-col-md-2 gutters-col-0 gutters-col-v-lg-2 gutters-col-v-md-2 gutters-col-v-2\">\n          <!---->\n          <div class=\"h-column h-column-container d-flex h-col-lg-auto h-col-md-auto h-col-auto style-483-outer style-local-947-c8-outer\">\n            <div data-colibri-id=\"947-c8\" class=\"d-flex h-flex-basis h-column__inner h-px-lg-2 h-px-md-2 h-px-2 v-inner-lg-2 v-inner-md-2 v-inner-2 style-483 style-local-947-c8 position-relative\">\n              <!---->\n              <!---->\n              <div class=\"w-100 h-y-container h-column__content h-column__v-align flex-basis-100 align-self-lg-start align-self-md-start align-self-start\">\n                <!---->\n                <div data-colibri-id=\"947-c9\" class=\"h-text h-text-component style-485 style-local-947-c9 position-relative h-element\">\n                  <!---->\n                  <!---->\n                  <div class=\"\">\n                    <p><span style=\"color: rgb(9, 33, 42); font-family: &quot;Open Sans&quot;, serif; font-size: 16pt;\">ZUMBA\u00ae&nbsp;GOLD<\/span><\/p>\n                    <p><span style=\"color: rgb(34, 34, 34); font-family: Wingdings;\">\u00d8&nbsp;<\/span><strong style=\"color: rgb(34, 34, 34); font-family: Helvetica, sans-serif;\">Perfekt f\u00fcr&nbsp;<\/strong><span style=\"color: rgb(34, 34, 34); font-family: Helvetica, sans-serif;\">Ausgelegt f\u00fcr aktive Erwachsene, die gerne ihre Ausdauer und Muskeln trainieren und gem\u00e4\u00dfigt Sport treiben m\u00f6chten. Das Workout ist optimal abgestimmt auf aktive Menschen, welche bereits durch Gelenk- B\u00e4nder- oder Muskelprobleme andere Tanz-Cardio-Kurse lieber meiden. Auch f\u00fcr \u00c4ltere Mitt\u00e4nzer, Schwangere oder frisch gewordene M\u00fctter ist dieses Workout in den ersten Monaten sehr angenehm und effektiv!<\/span><\/p>\n                    <p><span style=\"color: rgb(34, 34, 34); font-family: Wingdings;\">\u00d8&nbsp;<\/span><strong style=\"color: rgb(34, 34, 34); font-family: Helvetica, sans-serif;\">So funktioniert\u2019s&nbsp;<\/strong><span style=\"color: rgb(34, 34, 34); font-family: Helvetica, sans-serif;\">Der Kurs enth\u00e4lt einfache Zumba Choreographien, die sich vorrangig auf die Verbesserung von Gleichgewicht, Bewegungsumfang und Koordination konzentrieren. Sei bereit, so richtig zu schwitzen und dann mit neuer Kraft aus dem Kurs zu kommen. Bei Bedarf k\u00f6nnen leichte Gewichte mit in das Cardio-Training involviert werden (z.B. Zumba\u00ae Toning Sticks, leichte Wasserflaschen, \u2026). Also nichts wie ran an die Muskeln!<\/span><\/p>\n                    <p><span style=\"color: rgb(34, 34, 34); font-family: Wingdings;\">\u00d8&nbsp;<\/span><strong style=\"color: rgb(34, 34, 34); font-family: Helvetica, sans-serif;\">Vorteile&nbsp;<\/strong><span style=\"color: rgb(34, 34, 34); font-family: Helvetica, sans-serif;\">Dieser Kurs enth\u00e4lt alle Fitness-Elemente: Herz-Kreislauf\u00fcbungen, Muskel-Training, Verbesserung von Flexibilit\u00e4t und Gleichgewicht! Niedriges bis m\u00e4\u00dfiges Krafttraining ist ebenso wichtig um dem R\u00fcckgang von Muskelmasse, Muskelkraft, Atrophie und Sarkopenie (Abbau der Skelettmuskulatur) vorzubeugen Ein Kurs voller Spa\u00df und effektiven \u00dcbungen. Danach f\u00fchlst du dich einfach nur stark.<\/span><\/p>\n                    <p><span style=\"color: rgb(9, 33, 42); font-family: Helvetica, sans-serif; font-size: 11pt;\">ZUMBA GOLD\u00ae ist eine Reihe von Fitnessprogrammen, die speziell konzipiert wurden, um Teilnehmern jeden Alters eine Abwechslung in Ihrem Training zu bieten und aufregende lateinamerikanische und internationale Tanzrhythmen n\u00e4herzubringen. Das explosive Programm konzentriert sich auf ein sicheres und effektives Gesamtk\u00f6rpertraining und ist daher f\u00fcr alle Altersklassen als auch f\u00fcr Teilnehmer mit medizinischen Problemen oder k\u00f6rperlichen Einschr\u00e4nkungen geeignet.&nbsp;Das feurige von lateinamerikanischen Rhythmen inspirierte Tanz-Fitness-Programm ist ein Mix aus Merengue, Salsa, Cha Cha Cha, Cumbia, Bauchtanz, Flamenco, Tango und Rock &#8217;n&#8216; Roll und&nbsp;gut f\u00fcr K\u00f6rper, Geist und Seele.<\/span><\/p>\n                    <p>\n                      <br>\n                    <\/p>\n                  <\/div>\n                <\/div>\n              <\/div>\n            <\/div>\n          <\/div>\n          <div class=\"h-column h-column-container d-flex h-col-lg-auto h-col-md-auto h-col-auto style-609-outer style-local-947-c22-outer\">\n            <div data-colibri-id=\"947-c22\" class=\"d-flex h-flex-basis h-column__inner h-px-lg-2 h-px-md-2 h-px-2 v-inner-lg-2 v-inner-md-2 v-inner-2 style-609 style-local-947-c22 position-relative\">\n              <!---->\n              <!---->\n              <div class=\"w-100 h-y-container h-column__content h-column__v-align flex-basis-100 align-self-lg-start align-self-md-start align-self-start\">\n                <!---->\n                <div data-colibri-id=\"947-c23\" class=\"d-block style-610 style-local-947-c23 position-relative h-element\">\n                  <!---->\n                  <div class=\"h-image__frame-container-outer\">\n                    <div class=\"h-image__frame-container\">\n                      <!---->\n                      <!---->\n                      <img loading=\"lazy\" width=\"534\" height=\"1047\" src=\"https:\/\/zumba.drax-online.de\/wp-content\/uploads\/2021\/03\/gold.png\" class=\"wp-image-1624 style-610-image style-local-947-c23-image\" alt=\"\" \/>\n                      <div class=\"h-image__frame h-hide-lg h-hide-md h-hide-sm style-610-frameImage style-local-947-c23-frameImage\"><\/div>\n                    <\/div>\n                  <\/div>\n                <\/div>\n              <\/div>\n            <\/div>\n          <\/div>\n        <\/div>\n      <\/div>\n      <div data-colibri-id=\"947-c10\" class=\"h-row-container gutters-row-lg-2 gutters-row-md-2 gutters-row-0 gutters-row-v-lg-2 gutters-row-v-md-2 gutters-row-v-2 style-489 style-local-947-c10 position-relative\">\n        <!---->\n        <div class=\"h-row justify-content-lg-center justify-content-md-center justify-content-center align-items-lg-stretch align-items-md-stretch align-items-stretch gutters-col-lg-2 gutters-col-md-2 gutters-col-0 gutters-col-v-lg-2 gutters-col-v-md-2 gutters-col-v-2\">\n          <!---->\n          <div class=\"h-column h-column-container d-flex h-col-lg-auto h-col-md-auto h-col-auto style-490-outer style-local-947-c11-outer\">\n            <div data-colibri-id=\"947-c11\" class=\"d-flex h-flex-basis h-column__inner h-px-lg-2 h-px-md-2 h-px-2 v-inner-lg-2 v-inner-md-2 v-inner-2 style-490 style-local-947-c11 position-relative\">\n              <!---->\n              <!---->\n              <div class=\"w-100 h-y-container h-column__content h-column__v-align flex-basis-100 align-self-lg-start align-self-md-start align-self-start\">\n                <!---->\n                <div data-colibri-component=\"dropdown-menu\" role=\"navigation\" h-use-smooth-scroll-all=\"true\" data-colibri-id=\"947-c12\" class=\"h-menu h-global-transition-all h-ignore-global-body-typography has-offcanvas-mobile h-menu-horizontal h-dropdown-menu style-488 style-local-947-c12 position-relative h-element\">\n                  <!---->\n                  <div class=\"h-global-transition-all h-main-menu\"><div class=\"colibri-menu-container\"><ul id=\"menu-footer-menue\" class=\"colibri-menu bordered-active-item bordered-active-item--bottom effect-borders-grow grow-from-left\"><li id=\"menu-item-348\" class=\"menu-item menu-item-type-post_type menu-item-object-page menu-item-348\"><a href=\"https:\/\/zumba.drax-online.de\/?page_id=342\">Cookies<\/a><\/li>\n<li id=\"menu-item-347\" class=\"menu-item menu-item-type-post_type menu-item-object-page menu-item-347\"><a href=\"https:\/\/zumba.drax-online.de\/?page_id=340\">Datenschutz<\/a><\/li>\n<li id=\"menu-item-346\" class=\"menu-item menu-item-type-post_type menu-item-object-page menu-item-346\"><a href=\"https:\/\/zumba.drax-online.de\/?page_id=339\">Impressum<\/a><\/li>\n<\/ul><\/div><\/div>\n                  <div data-colibri-id=\"947-c13\" class=\"h-mobile-menu h-global-transition-disable style-491 style-local-947-c13 position-relative h-element\">\n                    <!---->\n                    <a data-click-outside=\"true\" data-target=\"#offcanvas-wrapper-947-c13\" data-target-id=\"offcanvas-wrapper-947-c13\" data-offcanvas-overlay-id=\"offcanvas-overlay-947-c13\" href=\"#\" data-colibri-component=\"offcanvas\" data-direction=\"right\"\n                      data-push=\"false\" title=\"Menu\" class=\"h-hamburger-button\">\n                      <div class=\"icon-container h-hamburger-icon\">\n                        <div class=\"h-icon-svg\" style=\"width: 100%; height: 100%;\">\n                          <!--Icon by Font Awesome (https:\/\/fontawesome.com)-->\n                          <svg version=\"1.1\" xmlns=\"http:\/\/www.w3.org\/2000\/svg\" xmlns:xlink=\"http:\/\/www.w3.org\/1999\/xlink\" id=\"bars\" viewBox=\"0 0 1536 1896.0833\">\n                            <path d=\"M1536 1344v128q0 26-19 45t-45 19H64q-26 0-45-19t-19-45v-128q0-26 19-45t45-19h1408q26 0 45 19t19 45zm0-512v128q0 26-19 45t-45 19H64q-26 0-45-19T0 960V832q0-26 19-45t45-19h1408q26 0 45 19t19 45zm0-512v128q0 26-19 45t-45 19H64q-26 0-45-19T0 448V320q0-26 19-45t45-19h1408q26 0 45 19t19 45z\"><\/path>\n                          <\/svg>\n                        <\/div>\n                      <\/div>\n                    <\/a>\n                    <div id=\"offcanvas-wrapper-947-c13\" class=\"h-offcanvas-panel offcanvas offcanvas-right hide force-hide style-491-offscreen style-local-947-c13-offscreen\">\n                      <div data-colibri-id=\"947-c14\" class=\"d-flex flex-column h-offscreen-panel style-492 style-local-947-c14 position-relative h-element\">\n                        <!---->\n                        <div class=\"offscreen-header h-ui-empty-state-container\">\n                          <div data-colibri-id=\"947-c16\" class=\"h-row-container gutters-row-lg-0 gutters-row-md-0 gutters-row-0 gutters-row-v-lg-0 gutters-row-v-md-0 gutters-row-v-0 style-494 style-local-947-c16 position-relative\">\n                            <!---->\n                            <div class=\"h-row justify-content-lg-center justify-content-md-center justify-content-center align-items-lg-stretch align-items-md-stretch align-items-stretch gutters-col-lg-0 gutters-col-md-0 gutters-col-0 gutters-col-v-lg-0 gutters-col-v-md-0 gutters-col-v-0\">\n                              <!---->\n                              <div class=\"h-column h-column-container d-flex h-col-lg h-col-md h-col-auto style-495-outer style-local-947-c17-outer\">\n                                <div data-colibri-id=\"947-c17\" class=\"d-flex h-flex-basis h-column__inner h-px-lg-2 h-px-md-2 h-px-2 v-inner-lg-2 v-inner-md-2 v-inner-2 style-495 style-local-947-c17 position-relative\">\n                                  <!---->\n                                  <!---->\n                                  <div class=\"w-100 h-y-container h-column__content h-column__v-align flex-basis-100 align-self-lg-start align-self-md-start align-self-start\">\n                                    <!---->\n                                    <div data-colibri-id=\"947-c18\" class=\"d-flex align-items-center text-lg-center text-md-center text-center justify-content-lg-center justify-content-md-center justify-content-center style-496 style-local-947-c18 position-relative h-element\">\n                                      <!---->\n                                      <a rel=\"home\" href=\"https:\/\/zumba.drax-online.de\/\" h-use-smooth-scroll=\"true\" class=\"d-flex align-items-center\">\n                                        <img src=\"https:\/\/zumba.drax-online.de\/wp-content\/uploads\/2021\/02\/ZV5.jpg\" class=\"h-logo__image h-logo__image_h logo-image style-496-image style-local-947-c18-image\" alt=\"\" \/>\n                                        <img src=\"https:\/\/zumba.drax-online.de\/wp-content\/uploads\/2021\/02\/ZV5.jpg\" class=\"h-logo__alt-image h-logo__alt-image_h logo-alt-image style-496-image style-local-947-c18-image\">\n                                      <\/a>\n                                    <\/div>\n                                  <\/div>\n                                <\/div>\n                              <\/div>\n                            <\/div>\n                          <\/div>\n                        <\/div>\n                        <div class=\"offscreen-content\">\n                          <!---->\n                          <div data-colibri-component=\"accordion-menu\" role=\"navigation\" h-use-smooth-scroll-all=\"true\" data-colibri-id=\"947-c15\" class=\"h-menu h-global-transition-all h-ignore-global-body-typography h-mobile-menu h-menu-accordion style-493 style-local-947-c15 position-relative h-element\">\n                            <!---->\n                            <div class=\"h-global-transition-all h-mobile-menu\"><div class=\"colibri-menu-container\"><ul id=\"menu-footer-menue-1\" class=\"colibri-menu none \"><li class=\"menu-item menu-item-type-post_type menu-item-object-page menu-item-348\"><a href=\"https:\/\/zumba.drax-online.de\/?page_id=342\">Cookies<\/a><\/li>\n<li class=\"menu-item menu-item-type-post_type menu-item-object-page menu-item-347\"><a href=\"https:\/\/zumba.drax-online.de\/?page_id=340\">Datenschutz<\/a><\/li>\n<li class=\"menu-item menu-item-type-post_type menu-item-object-page menu-item-346\"><a href=\"https:\/\/zumba.drax-online.de\/?page_id=339\">Impressum<\/a><\/li>\n<\/ul><\/div><\/div>\n                          <\/div>\n                        <\/div>\n                        <div class=\"offscreen-footer h-ui-empty-state-container\">\n                          <div data-colibri-id=\"947-c19\" class=\"h-row-container gutters-row-lg-0 gutters-row-md-0 gutters-row-0 gutters-row-v-lg-0 gutters-row-v-md-0 gutters-row-v-0 style-497 style-local-947-c19 position-relative\">\n                            <!---->\n                            <div class=\"h-row justify-content-lg-center justify-content-md-center justify-content-center align-items-lg-stretch align-items-md-stretch align-items-stretch gutters-col-lg-0 gutters-col-md-0 gutters-col-0 gutters-col-v-lg-0 gutters-col-v-md-0 gutters-col-v-0\">\n                              <!---->\n                              <div class=\"h-column h-column-container d-flex h-col-lg h-col-md h-col-auto style-498-outer style-local-947-c20-outer\">\n                                <div data-colibri-id=\"947-c20\" class=\"d-flex h-flex-basis h-column__inner h-px-lg-2 h-px-md-2 h-px-2 v-inner-lg-2 v-inner-md-2 v-inner-2 style-498 style-local-947-c20 position-relative\">\n                                  <!---->\n                                  <!---->\n                                  <div class=\"w-100 h-y-container h-column__content h-column__v-align flex-basis-100 align-self-lg-start align-self-md-start align-self-start\">\n                                    <!---->\n                                    <div data-colibri-id=\"947-c21\" class=\"h-text h-text-component style-499 style-local-947-c21 position-relative h-element\">\n                                      <!---->\n                                      <!---->\n                                      <div class=\"\">\n                                        <p>\u00a9 2021<\/p>\n                                      <\/div>\n                                    <\/div>\n                                  <\/div>\n                                <\/div>\n                              <\/div>\n                            <\/div>\n                          <\/div>\n                        <\/div>\n                      <\/div>\n                    <\/div>\n                    <div id=\"offcanvas-overlay-947-c13\" class=\"offscreen-overlay style-491-offscreenOverlay style-local-947-c13-offscreenOverlay\"><\/div>\n                  <\/div>\n                <\/div>\n              <\/div>\n            <\/div>\n          <\/div>\n        <\/div>\n      <\/div>\n    <\/div>\n  <\/div>\n<\/div>","protected":false},"excerpt":{"rendered":"<p>&#8230; zur\u00fcck zur Startseite ZUMBA\u00ae&nbsp;GOLD \u00d8&nbsp;Perfekt f\u00fcr&nbsp;Ausgelegt f\u00fcr aktive Erwachsene, die gerne ihre Ausdauer und Muskeln trainieren und gem\u00e4\u00dfigt Sport treiben m\u00f6chten. Das Workout ist optimal abgestimmt auf aktive Menschen, welche bereits durch Gelenk- B\u00e4nder- oder Muskelprobleme andere Tanz-Cardio-Kurse lieber meiden. Auch f\u00fcr \u00c4ltere Mitt\u00e4nzer, Schwangere oder frisch gewordene M\u00fctter ist dieses Workout in den [&hellip;]<\/p>\n","protected":false},"author":1,"featured_media":0,"parent":0,"menu_order":0,"comment_status":"closed","ping_status":"closed","template":"page-templates\/full-width-page.php","meta":[],"_links":{"self":[{"href":"https:\/\/zumba.drax-online.de\/index.php?rest_route=\/wp\/v2\/pages\/947"}],"collection":[{"href":"https:\/\/zumba.drax-online.de\/index.php?rest_route=\/wp\/v2\/pages"}],"about":[{"href":"https:\/\/zumba.drax-online.de\/index.php?rest_route=\/wp\/v2\/types\/page"}],"author":[{"embeddable":true,"href":"https:\/\/zumba.drax-online.de\/index.php?rest_route=\/wp\/v2\/users\/1"}],"replies":[{"embeddable":true,"href":"https:\/\/zumba.drax-online.de\/index.php?rest_route=%2Fwp%2Fv2%2Fcomments&post=947"}],"version-history":[{"count":11,"href":"https:\/\/zumba.drax-online.de\/index.php?rest_route=\/wp\/v2\/pages\/947\/revisions"}],"predecessor-version":[{"id":1626,"href":"https:\/\/zumba.drax-online.de\/index.php?rest_route=\/wp\/v2\/pages\/947\/revisions\/1626"}],"wp:attachment":[{"href":"https:\/\/zumba.drax-online.de\/index.php?rest_route=%2Fwp%2Fv2%2Fmedia&parent=947"}],"curies":[{"name":"wp","href":"https:\/\/api.w.org\/{rel}","templated":true}]}}