{"id":339,"date":"2021-02-22T14:32:50","date_gmt":"2021-02-22T13:32:50","guid":{"rendered":"http:\/\/localhost\/zumba\/?page_id=339"},"modified":"2024-09-17T12:29:40","modified_gmt":"2024-09-17T10:29:40","slug":"impressum","status":"publish","type":"page","link":"https:\/\/zumba.drax-online.de\/?page_id=339","title":{"rendered":"Impressum"},"content":{"rendered":"<div data-colibri-id=\"339-c1\" class=\"style-379 style-local-339-c1 position-relative\">\n  <!---->\n  <div data-colibri-component=\"section\" data-colibri-id=\"339-c2\" id=\"initial-content\" class=\"h-section h-section-global-spacing d-flex align-items-lg-center align-items-md-center align-items-center style-380 style-local-339-c2 position-relative\">\n    <!---->\n    <!---->\n    <div class=\"h-section-grid-container h-section-boxed-container\">\n      <!---->\n      <div data-colibri-id=\"339-c3\" class=\"h-row-container gutters-row-lg-2 gutters-row-md-2 gutters-row-0 gutters-row-v-lg-2 gutters-row-v-md-2 gutters-row-v-2 style-381 style-local-339-c3 position-relative\">\n        <!---->\n        <div class=\"h-row justify-content-lg-center justify-content-md-center justify-content-center align-items-lg-stretch align-items-md-stretch align-items-stretch gutters-col-lg-2 gutters-col-md-2 gutters-col-0 gutters-col-v-lg-2 gutters-col-v-md-2 gutters-col-v-2\">\n          <!---->\n          <div class=\"h-column h-column-container d-flex h-col-lg-auto h-col-md-auto h-col-auto style-382-outer style-local-339-c4-outer\">\n            <div data-colibri-id=\"339-c4\" class=\"d-flex h-flex-basis h-column__inner h-px-lg-2 h-px-md-2 h-px-2 v-inner-lg-2 v-inner-md-2 v-inner-2 style-382 style-local-339-c4 position-relative\">\n              <!---->\n              <!---->\n              <div class=\"w-100 h-y-container h-column__content h-column__v-align flex-basis-100 align-self-lg-start align-self-md-start align-self-start\">\n                <!---->\n                <div data-colibri-id=\"339-c5\" class=\"h-x-container style-384 style-local-339-c5 position-relative h-element\">\n                  <!---->\n                  <div class=\"h-x-container-inner style-dynamic-339-c5-group style-384-spacing style-local-339-c5-spacing\"><span class=\"h-link__outer style-385-outer style-local-339-c6-outer d-inline-flex h-element\"><a h-use-smooth-scroll=\"true\" href=\"http:\/\/localhost\/zumba\/\"  data-colibri-id=\"339-c6\" class=\"d-flex w-100 align-items-center h-link style-385 style-local-339-c6 position-relative\"><!----><!----> <span>&#8230; zur\u00fcck<\/span><\/a>\n                    <\/span>\n                  <\/div>\n                <\/div>\n                <div data-colibri-id=\"339-c7\" class=\"style-383 style-local-339-c7 position-relative h-element\">\n                  <!---->\n                  <div>\n                    \n                    <p><strong>Angaben gem\u00e4\u00df \u00a7 5 TMG:<\/strong><\/p>\n                    \n\n                    \n                    <p>Victoria Sch\u00fcler (geb. Tapella)<\/p>\n                    \n\n                    \n                    <p>Schleusinger Stra\u00dfe 13<\/p>\n                    \n\n                    \n                    <p>98553 Schleusingen&nbsp;<\/p>\n                    \n\n                    \n                    <p>\n                      <a href=\"mailto:vickys.zumbawelt@gmail.com\">vickys.zumbawelt@gmail.com<\/a>\n                    <\/p>\n                    \n\n                    \n                    <p><strong>Quellenangaben f\u00fcr die verwendeten Bilder und Grafiken:<\/strong><\/p>\n                    \n\n                    \n                    <p>\n                      <a href=\"https:\/\/www.zumba.com\/\">https:\/\/www.zumba.com<\/a>, ClassBuzz\n                      <br>Zumba\u00ae, ZIN\u2122&nbsp;und die Zumba\u00ae Fitness-Logos sind Markenzeichen von Zumba\u00ae Fitness, LCC und werden unter Lizenz verwendet.<\/p>\n                    \n\n                    \n                    <p><strong>Haftungsausschluss (Disclaimer)<\/strong><\/p>\n                    \n\n                    \n                    <p><strong>Haftung f\u00fcr Inhalte<\/strong><\/p>\n                    \n\n                    \n                    <p>Als Diensteanbieter sind wir gem\u00e4\u00df \u00a7 7 Abs.1 TMG f\u00fcr eigene Inhalte auf diesen Seiten nach den allgemeinen Gesetzen verantwortlich. Nach \u00a7\u00a7 8 bis 10 TMG sind wir als Diensteanbieter jedoch nicht verpflichtet, \u00fcbermittelte oder gespeicherte\n                      fremde Informationen zu \u00fcberwachen oder nach Umst\u00e4nden zu forschen, die auf eine rechtswidrige T\u00e4tigkeit hinweisen. Verpflichtungen zur Entfernung oder Sperrung der Nutzung von Informationen nach den allgemeinen Gesetzen bleiben\n                      hiervon unber\u00fchrt. Eine diesbez\u00fcgliche Haftung ist jedoch erst ab dem Zeitpunkt der Kenntnis einer konkreten Rechtsverletzung m\u00f6glich. Bei Bekanntwerden von entsprechenden Rechtsverletzungen werden wir diese Inhalte umgehend entfernen.<\/p>\n                    \n\n                    \n                    <p><strong>Haftung f\u00fcr Links<\/strong><\/p>\n                    \n\n                    \n                    <p>Unser Angebot enth\u00e4lt Links zu externen Webseiten Dritter, auf deren Inhalte wir keinen Einfluss haben. Deshalb k\u00f6nnen wir f\u00fcr diese fremden Inhalte auch keine Gew\u00e4hr \u00fcbernehmen. F\u00fcr die Inhalte der verlinkten Seiten ist stets der\n                      jeweilige Anbieter oder Betreiber der Seiten verantwortlich. Die verlinkten Seiten wurden zum Zeitpunkt der Verlinkung auf m\u00f6gliche Rechtsverst\u00f6\u00dfe \u00fcberpr\u00fcft. Rechtswidrige Inhalte waren zum Zeitpunkt der Verlinkung nicht erkennbar.\n                      Eine permanente inhaltliche Kontrolle der verlinkten Seiten ist jedoch ohne konkrete Anhaltspunkte einer Rechtsverletzung nicht zumutbar. Bei Bekanntwerden von Rechtsverletzungen werden wir derartige Links umgehend entfernen.<\/p>\n                    \n\n                    \n                    <p><strong>Urheberrecht<\/strong><\/p>\n                    \n\n                    \n                    <p>Die durch die Seitenbetreiber erstellten Inhalte und Werke auf diesen Seiten unterliegen dem deutschen Urheberrecht. Die Vervielf\u00e4ltigung, Bearbeitung, Verbreitung und jede Art der Verwertung au\u00dferhalb der Grenzen des Urheberrechtes\n                      bed\u00fcrfen der schriftlichen Zustimmung des jeweiligen Autors bzw. Erstellers. Downloads und Kopien dieser Seite sind nur f\u00fcr den privaten, nicht kommerziellen Gebrauch gestattet. Soweit die Inhalte auf dieser Seite nicht vom Betreiber\n                      erstellt wurden, werden die Urheberrechte Dritter beachtet. Insbesondere werden Inhalte Dritter als solche gekennzeichnet. Sollten Sie trotzdem auf eine Urheberrechtsverletzung aufmerksam werden, bitten wir um einen entsprechenden\n                      Hinweis. Bei Bekanntwerden von Rechtsverletzungen werden wir derartige Inhalte umgehend entfernen.<\/p>\n                    \n                  <\/div>\n                <\/div>\n              <\/div>\n            <\/div>\n          <\/div>\n        <\/div>\n      <\/div>\n      <div data-colibri-id=\"339-c11\" class=\"h-row-container gutters-row-lg-2 gutters-row-md-2 gutters-row-0 gutters-row-v-lg-2 gutters-row-v-md-2 gutters-row-v-2 style-685 style-local-339-c11 position-relative\">\n        <!---->\n        <div class=\"h-row justify-content-lg-center justify-content-md-center justify-content-center align-items-lg-stretch align-items-md-stretch align-items-stretch gutters-col-lg-2 gutters-col-md-2 gutters-col-0 gutters-col-v-lg-2 gutters-col-v-md-2 gutters-col-v-2\">\n          <!---->\n          <div class=\"h-column h-column-container d-flex h-col-lg-auto h-col-md-auto h-col-auto style-686-outer style-local-339-c12-outer\">\n            <div data-colibri-id=\"339-c12\" class=\"d-flex h-flex-basis h-column__inner h-px-lg-2 h-px-md-2 h-px-2 v-inner-lg-2 v-inner-md-2 v-inner-2 style-686 style-local-339-c12 position-relative\">\n              <!---->\n              <!---->\n              <div class=\"w-100 h-y-container h-column__content h-column__v-align flex-basis-100 align-self-lg-start align-self-md-start align-self-start\">\n                <!---->\n                <div data-colibri-id=\"339-c13\" class=\"h-text h-text-component style-687 style-local-339-c13 position-relative h-element\">\n                  <!---->\n                  <!---->\n                  <div class=\"\">\n                    <p>Hinweis : Die Konto-\/Anmeldedaten werden zum Zwecke des Datenschutzes und der Datensparsamkeit nach einer Inaktivit\u00e4t von 6 Monaten gel\u00f6scht. Sollten Se dies nicht w\u00fcnschen, so wenden Sie sich bitte an vickys.zumbawelt@gmail.com und\n                      beantragen Sie eine konto-Verl\u00e4ngerung.<\/p>\n                  <\/div>\n                <\/div>\n              <\/div>\n            <\/div>\n          <\/div>\n        <\/div>\n      <\/div>\n    <\/div>\n  <\/div>\n  <div data-colibri-component=\"section\" data-colibri-id=\"339-c8\" id=\"custom\" class=\"h-section h-section-global-spacing d-flex align-items-lg-center align-items-md-center align-items-center style-682 style-local-339-c8 position-relative\">\n    <!---->\n    <!---->\n    <div class=\"h-section-grid-container h-section-boxed-container\">\n      <!---->\n      <div data-colibri-id=\"339-c9\" class=\"h-row-container gutters-row-lg-2 gutters-row-md-2 gutters-row-0 gutters-row-v-lg-2 gutters-row-v-md-2 gutters-row-v-2 style-683 style-local-339-c9 position-relative\">\n        <!---->\n        <div class=\"h-row justify-content-lg-center justify-content-md-center justify-content-center align-items-lg-stretch align-items-md-stretch align-items-stretch gutters-col-lg-2 gutters-col-md-2 gutters-col-0 gutters-col-v-lg-2 gutters-col-v-md-2 gutters-col-v-2\">\n          <!---->\n          <div class=\"h-column h-column-container d-flex h-col-lg-auto h-col-md-auto h-col-auto style-684-outer style-local-339-c10-outer\">\n            <div data-colibri-id=\"339-c10\" class=\"d-flex h-flex-basis h-column__inner h-ui-empty-state-container h-px-lg-2 h-px-md-2 h-px-2 v-inner-lg-2 v-inner-md-2 v-inner-2 style-684 style-local-339-c10 position-relative\">\n              <!---->\n              <!---->\n              <div class=\"w-100 h-y-container h-column__content h-column__v-align flex-basis-100\">\n                <!---->\n              <\/div>\n            <\/div>\n          <\/div>\n        <\/div>\n      <\/div>\n    <\/div>\n  <\/div>\n<\/div>","protected":false},"excerpt":{"rendered":"<p>&#8230; zur\u00fcck Angaben gem\u00e4\u00df \u00a7 5 TMG: Victoria Sch\u00fcler (geb. Tapella) Schleusinger Stra\u00dfe 13 98553 Schleusingen&nbsp; vickys.zumbawelt@gmail.com Quellenangaben f\u00fcr die verwendeten Bilder und Grafiken: https:\/\/www.zumba.com, ClassBuzz Zumba\u00ae, ZIN\u2122&nbsp;und die Zumba\u00ae Fitness-Logos sind Markenzeichen von Zumba\u00ae Fitness, LCC und werden unter Lizenz verwendet. Haftungsausschluss (Disclaimer) Haftung f\u00fcr Inhalte Als Diensteanbieter sind wir gem\u00e4\u00df \u00a7 7 Abs.1 [&hellip;]<\/p>\n","protected":false},"author":1,"featured_media":0,"parent":0,"menu_order":0,"comment_status":"closed","ping_status":"closed","template":"page-templates\/full-width-page.php","meta":[],"_links":{"self":[{"href":"https:\/\/zumba.drax-online.de\/index.php?rest_route=\/wp\/v2\/pages\/339"}],"collection":[{"href":"https:\/\/zumba.drax-online.de\/index.php?rest_route=\/wp\/v2\/pages"}],"about":[{"href":"https:\/\/zumba.drax-online.de\/index.php?rest_route=\/wp\/v2\/types\/page"}],"author":[{"embeddable":true,"href":"https:\/\/zumba.drax-online.de\/index.php?rest_route=\/wp\/v2\/users\/1"}],"replies":[{"embeddable":true,"href":"https:\/\/zumba.drax-online.de\/index.php?rest_route=%2Fwp%2Fv2%2Fcomments&post=339"}],"version-history":[{"count":4,"href":"https:\/\/zumba.drax-online.de\/index.php?rest_route=\/wp\/v2\/pages\/339\/revisions"}],"predecessor-version":[{"id":2552,"href":"https:\/\/zumba.drax-online.de\/index.php?rest_route=\/wp\/v2\/pages\/339\/revisions\/2552"}],"wp:attachment":[{"href":"https:\/\/zumba.drax-online.de\/index.php?rest_route=%2Fwp%2Fv2%2Fmedia&parent=339"}],"curies":[{"name":"wp","href":"https:\/\/api.w.org\/{rel}","templated":true}]}}