{"id":135,"date":"2021-02-18T18:42:57","date_gmt":"2021-02-18T17:42:57","guid":{"rendered":"http:\/\/localhost\/zumba\/?page_id=135"},"modified":"2024-01-12T11:54:52","modified_gmt":"2024-01-12T10:54:52","slug":"ueber-mich","status":"publish","type":"page","link":"https:\/\/zumba.drax-online.de\/?page_id=135","title":{"rendered":"&#8230; \u00fcber mich"},"content":{"rendered":"<div data-colibri-id=\"135-c1\" class=\"style-237 style-local-135-c1 position-relative\">\n  <!---->\n  <div data-colibri-component=\"section\" data-colibri-id=\"135-c2\" id=\"initial-content\" class=\"h-section h-section-global-spacing d-flex align-items-lg-center align-items-md-center align-items-center style-238 style-local-135-c2 position-relative\">\n    <!---->\n    <!---->\n    <div class=\"h-section-grid-container h-section-boxed-container\">\n      <!---->\n      <div data-colibri-id=\"135-c3\" class=\"h-row-container gutters-row-lg-2 gutters-row-md-2 gutters-row-0 gutters-row-v-lg-2 gutters-row-v-md-2 gutters-row-v-2 style-254 style-local-135-c3 position-relative\">\n        <!---->\n        <div class=\"h-row justify-content-lg-center justify-content-md-center justify-content-center align-items-lg-stretch align-items-md-stretch align-items-stretch gutters-col-lg-2 gutters-col-md-2 gutters-col-0 gutters-col-v-lg-2 gutters-col-v-md-2 gutters-col-v-2\">\n          <!---->\n          <div class=\"h-column h-column-container d-flex h-col-lg-auto h-col-md-auto h-col-auto style-255-outer style-local-135-c4-outer\">\n            <div data-colibri-id=\"135-c4\" class=\"d-flex h-flex-basis h-column__inner h-px-lg-2 h-px-md-2 h-px-2 v-inner-lg-2 v-inner-md-2 v-inner-2 style-255 style-local-135-c4 position-relative\">\n              <!---->\n              <!---->\n              <div class=\"w-100 h-y-container h-column__content h-column__v-align flex-basis-100 align-self-lg-start align-self-md-start align-self-start\">\n                <!---->\n                <div data-colibri-id=\"135-c5\" class=\"h-lead h-text h-text-component style-256 style-local-135-c5 position-relative h-element\">\n                  <!---->\n                  <!---->\n                  <div class=\"\">\n                    <p>Mehr \u00fcber mich und meine ZUMBA Welt<\/p>\n                  <\/div>\n                <\/div>\n              <\/div>\n            <\/div>\n          <\/div>\n        <\/div>\n      <\/div>\n      <div data-colibri-id=\"135-c6\" class=\"h-row-container gutters-row-lg-0 gutters-row-md-0 gutters-row-0 gutters-row-v-lg-0 gutters-row-v-md-0 gutters-row-v-0 style-239 style-local-135-c6 position-relative\">\n        <!---->\n        <div class=\"h-row justify-content-lg-center justify-content-md-center justify-content-center align-items-lg-stretch align-items-md-stretch align-items-stretch gutters-col-lg-0 gutters-col-md-0 gutters-col-0 gutters-col-v-lg-0 gutters-col-v-md-0 gutters-col-v-0\">\n          <!---->\n          <div class=\"h-column h-column-container d-flex h-col-lg-auto h-col-md-auto h-col-auto style-240-outer style-local-135-c7-outer\">\n            <div data-colibri-id=\"135-c7\" class=\"d-flex h-flex-basis h-column__inner h-px-lg-3 h-px-md-3 h-px-3 v-inner-lg-3 v-inner-md-3 v-inner-3 style-240 style-local-135-c7 position-relative\">\n              <!---->\n              <!---->\n              <div class=\"w-100 h-y-container h-column__content h-column__v-align flex-basis-100 align-self-lg-start align-self-md-start align-self-start\">\n                <!---->\n                <div data-colibri-id=\"135-c8\" class=\"h-text h-text-component style-237 style-local-135-c8 position-relative h-element\">\n                  <!---->\n                  <!---->\n                  <div class=\"\">\n                    <p>Hi! Mein Name ist Victoria \u2013 aber jeder nennt und ruft mich Vicky.<\/p>\n                    <p>\n                      <br>\n                    <\/p>\n                    <p>Schon als kleines Kind habe ich es geliebt Musik zu h\u00f6ren, zu tanzen und laut zu singen. In meiner Jugend habe ich dieses Hobby nicht nur auf Disco- und Kirmes-G\u00e4ngen ausgelebt. Gemeinsam mit vielen Freunden habe ich in meiner Schulzeit\n                      in der Rock\u2019n Roll AG meines Gymnasiums getanzt, verschiedene Instrumente erlernt und den Schulclub mit organisiert. Musik und Tanz hat mich begeistert und macht mich gl\u00fccklich.<\/p>\n                    <p>Nach der Schulzeit begann ich ein duales Studium. Berufsschule, Arbeit und Uni in einem hat sehr viel Zeit in Anspruch genommen, doch ich konnte und wollte das Tanzen einfach nicht mehr sein lassen. So war ich schnell eine von den\n                      ersten Teilnehmerinnen des ersten ZUMBA-Kurses in meiner Region. Anfangs war ich regelrecht \u00fcberfordert \u2013 diese Schritte, fremde Musik, neue Rhythmen und dieser verfluchte Muskelkater\u2026. Doch je mehr ich die Kurse besuchte umso besser\n                      kam ich mit, lernte meinen K\u00f6rper kennen und pl\u00f6tzlich verstand ich was ZUMBA bedeutet.<\/p>\n                    <p>ZUMBA wurde f\u00fcr mich das ziemlich coolste Workout \u00fcberhaupt. Abtanzen zu toller Musik mit gro\u00dfartigen Leuten und dabei noch eine Menge Kalorien verbrennen\u2026 ohne, dass man es \u00fcberhaupt merkt. F\u00fcr einen Sport-Muffel wie mich einfach\n                      perfekt.<\/p>\n                  <\/div>\n                <\/div>\n              <\/div>\n            <\/div>\n          <\/div>\n          <div class=\"h-column h-column-container d-flex h-col-lg-auto h-col-md-auto h-col-auto style-344-outer style-local-135-c9-outer\">\n            <div data-colibri-id=\"135-c9\" class=\"d-flex h-flex-basis h-column__inner h-px-lg-3 h-px-md-3 h-px-3 v-inner-lg-3 v-inner-md-3 v-inner-3 style-344 style-local-135-c9 position-relative\">\n              <!---->\n              <!---->\n              <div class=\"w-100 h-y-container h-column__content h-column__v-align flex-basis-100 align-self-lg-center align-self-md-center align-self-center\">\n                <!---->\n                <div data-colibri-id=\"135-c10\" class=\"d-block style-569 style-local-135-c10 position-relative h-element\">\n                  <!---->\n                  <div class=\"h-image__frame-container-outer\">\n                    <div class=\"h-image__frame-container\">\n                      <!---->\n                      <!---->\n                      <img loading=\"lazy\" width=\"1422\" height=\"2499\" src=\"https:\/\/zumba.drax-online.de\/Zumba\/wp-content\/uploads\/2021\/02\/cropped-cropped-202102178617859869990250770-2.jpg\" class=\"wp-image-620 style-569-image style-local-135-c10-image\" srcset=\"https:\/\/zumba.drax-online.de\/wp-content\/uploads\/2021\/02\/cropped-cropped-202102178617859869990250770-2.jpg 1422w, https:\/\/zumba.drax-online.de\/wp-content\/uploads\/2021\/02\/cropped-cropped-202102178617859869990250770-2-171x300.jpg 171w, https:\/\/zumba.drax-online.de\/wp-content\/uploads\/2021\/02\/cropped-cropped-202102178617859869990250770-2-583x1024.jpg 583w, https:\/\/zumba.drax-online.de\/wp-content\/uploads\/2021\/02\/cropped-cropped-202102178617859869990250770-2-768x1350.jpg 768w, https:\/\/zumba.drax-online.de\/wp-content\/uploads\/2021\/02\/cropped-cropped-202102178617859869990250770-2-874x1536.jpg 874w, https:\/\/zumba.drax-online.de\/wp-content\/uploads\/2021\/02\/cropped-cropped-202102178617859869990250770-2-1165x2048.jpg 1165w\" sizes=\"(max-width: 1422px) 100vw, 1422px\" alt=\"\" \/>\n                      <div class=\"h-image__frame h-hide-lg h-hide-md h-hide-sm style-569-frameImage style-local-135-c10-frameImage\"><\/div>\n                    <\/div>\n                  <\/div>\n                <\/div>\n              <\/div>\n            <\/div>\n          <\/div>\n        <\/div>\n      <\/div>\n    <\/div>\n  <\/div>\n  <div data-colibri-component=\"section\" data-colibri-id=\"135-c15\" id=\"custom\" class=\"h-section h-section-global-spacing d-flex align-items-lg-center align-items-md-center align-items-center style-346 style-local-135-c15 position-relative\">\n    <!---->\n    <!---->\n    <div class=\"h-separator\" style=\"height: 100px; bottom: calc(0px);\">\n      <svg style=\"fill:rgb(204, 204, 204);transform:rotateX(180deg);\" xmlns=\"http:\/\/www.w3.org\/2000\/svg\" viewBox=\"0 0 1000 100\" preserveAspectRatio=\"none\">\n        <g opacity=\"0.33\">\n          <path d=\"M385.42,52.92c-11.63,4.22-23.18,9-34.52,14.38-103.18,49-91.83-33.55-148.36-.49,50.13,17.35,121.87,64.84,270.46.49,11-4.7,64.52-25.43,118-41.8-4-.52-8.45-.95-13.41-1.28C507.83,41.64,455.4,71.84,385.42,52.92Z\" transform=\"translate(0 0)\" style=\"isolation:isolate\"><\/path>\n          <path d=\"M0,59.7S48.08,103,116.06,83.43C54.25,76.6,0,39.8,0,39.8Z\" transform=\"translate(0 0)\" style=\"isolation:isolate\"><\/path>\n          <path d=\"M916.4,48.1c-55.76,5.45-76.83,2-111.28-7.81-3.09,1.4-6.07,2.81-9,4.22,13.93,8.57,25.54,16.74,33.15,22.39,13,9.8,43,25.4,75.8,22.1S1000,59.7,1000,59.7V36.5s-6.87-4.5-21.48-9.06C966,36.56,946.56,45.15,916.4,48.1Z\" transform=\"translate(0 0)\" style=\"isolation:isolate\"><\/path>\n        <\/g>\n        <g opacity=\"0.66\">\n          <path d=\"M771.65,30.49,766.1,28.9c-55-15.81-99.84-18-138.66-13.76a368.79,368.79,0,0,0-49.81,9.08c5,.33,9.44.76,13.41,1.28a89.13,89.13,0,0,1,13.86,2.7C656.8,44.1,688.5,67.3,734,67.3c19.82,0,38-11.12,62.15-22.79,2.9-1.41,5.88-2.82,9-4.22C795.39,37.52,784.59,34.23,771.65,30.49Z\"\n            transform=\"translate(0 0)\"><\/path>\n          <path d=\"M371,48.4C242,1.8,242,5.4,184.8,20.6,128,35.8,132.3,44.9,89.9,52.5,28.6,63.7,0,0,0,0V39.8S54.25,76.6,116.06,83.43c28.46,3.15,58.53-.05,85.64-16.13l.84-.49c56.53-33.06,45.18,49.44,148.36.49,11.34-5.38,22.89-10.16,34.52-14.38Q378.34,51,371,48.4Z\"\n            transform=\"translate(0 0)\"><\/path>\n          <path d=\"M978.52,27.44C993.13,32,1000,36.5,1000,36.5V0S996.54,14.27,978.52,27.44Z\" transform=\"translate(0 0)\"><\/path>\n        <\/g>\n        <path d=\"M0,0S28.6,63.7,89.9,52.5c42.4-7.6,38.1-16.7,94.9-31.9C242,5.4,242,1.8,371,48.4q7.33,2.61,14.42,4.52c70,18.92,122.41-11.28,192.21-28.7a368.79,368.79,0,0,1,49.81-9.08c38.82-4.21,83.68-2.05,138.66,13.76l5.55,1.59c12.94,3.74,23.74,7,33.47,9.8,34.45,9.83,55.52,13.26,111.28,7.81,30.16-3,49.63-11.54,62.12-20.66C996.54,14.27,1000,0,1000,0Z\"\n          transform=\"translate(0 0)\"><\/path>\n      <\/svg>\n    <\/div>\n    <div class=\"h-section-grid-container h-section-boxed-container\">\n      <!---->\n      <div data-colibri-id=\"135-c16\" class=\"h-row-container gutters-row-lg-2 gutters-row-md-2 gutters-row-0 gutters-row-v-lg-2 gutters-row-v-md-2 gutters-row-v-2 style-349 style-local-135-c16 position-relative\">\n        <!---->\n        <div class=\"h-row justify-content-lg-center justify-content-md-center justify-content-center align-items-lg-stretch align-items-md-stretch align-items-stretch gutters-col-lg-2 gutters-col-md-2 gutters-col-0 gutters-col-v-lg-2 gutters-col-v-md-2 gutters-col-v-2\">\n          <!---->\n          <div class=\"h-column h-column-container d-flex h-col-lg-auto h-col-md-auto h-col-auto style-350-outer style-local-135-c17-outer\">\n            <div data-colibri-id=\"135-c17\" class=\"d-flex h-flex-basis h-column__inner h-px-lg-2 h-px-md-2 h-px-2 v-inner-lg-2 v-inner-md-2 v-inner-2 style-350 style-local-135-c17 position-relative\">\n              <!---->\n              <!---->\n              <div class=\"w-100 h-y-container h-column__content h-column__v-align flex-basis-100 align-self-lg-start align-self-md-start align-self-start\">\n                <!---->\n                <div data-colibri-id=\"135-c18\" class=\"h-text h-text-component style-351 style-local-135-c18 position-relative h-element\">\n                  <!---->\n                  <!---->\n                  <div class=\"\">\n                    <p>Nach einiger Zeit hatte meine Trainerin ihre Kurse stillgelegt. Es wurde ruhig\u2026Zu ruhig. Also beschloss ich nun auch Trainer zu werden und wurde 2015 zum offiziellen ZUMBA Instructor \u2013 kurz ZIN-. Seit dem gab ich mehrmals w\u00f6chentlich\n                      in meinem \u00f6rtlichen Fitness-Studio Pr\u00e4senzkurse.<\/p>\n                    <p>Regelm\u00e4\u00dfig habe ich ZUMBA-JAM Sessions (Tages-Kurse zum erlernen neuer T\u00e4nze) besucht um immer wieder meinen Teilnehmern Abwechslung und neue Herausforderungen zu bieten.<\/p>\n                    <p>Nun hat das Jahr 2021 nach Ver\u00e4nderung gerufen. Ich habe mich seit Januar selbstst\u00e4ndig gemacht und mir ein kleines Studio in meinem H\u00e4uschen aufgebaut. Nach mehreren Weiterbildungen zu neuen Rhythmen, T\u00e4nzen und Fitness-Elementen\n                      habe ich mich intensiv mit den Herausforderungen von Online Kursen auseinandergesetzt und Weiterbildungen dazu belegt. Somit k\u00f6nnen wir nun auch \u00fcber ZOOM wundervolle Stunden verbringen.<\/p>\n                    <p><span style=\"color: rgb(23, 37, 42); font-family: &quot;Open Sans&quot;; font-size: 16px; font-weight: 400;\">Seit 2022 bin ich nun auch Mama eines wundervollen Sohnes. Daher verstehe ich umso mehr die Herausforderungen des Alltages. Kenne volle Terminkalender nur zu gut. Umso wichtiger wurde aber auch der Ausgleich durch ZUMBA f\u00fcr mich. Die Bewegung, das Treffen mit anderen tollen Menschen, gemeinsame Stunden voller Lachen, Spa\u00df und Power.&nbsp;<\/span><\/p>\n                    <p>Ich biete nicht nur ZUMBA an. Auch Zumba Gold (kalorienverbrennend, zur St\u00e4rkung der Muskulatur, gelenkschonend) oder ZUMBA Kids und Kids Jr. (Programme speziell auf die Aufmerksamkeit und Bed\u00fcrfnisse unserer Kleinen abgestimmt) aber\n                      auch Burst oder Core (abgestimmt auf gezieltes Training der Tiefenmuskulatur) sind tolle Programme, welche immer wieder Spa\u00df machen.<\/p>\n                    <p>Ich freue mich auf jeden einzelnen Kurs mit euch zusammen! Habe ich euch neugierig gemacht? Dann meldet euch unter<\/p>\n                    <p>\n                      <a href=\"mailto:vickys.zumbawelt@gmail.com\">vickys.zumbawelt@gmail.com<\/a>\n                    <\/p>\n                    <p>&#8230; oder schaut auf meinem Instagram-Profil vorbei (vickys.zumbawelt)<\/p>\n                    <p>\n                      <br>\n                    <\/p>\n                  <\/div>\n                <\/div>\n                <div data-colibri-component=\"dropdown-menu\" role=\"navigation\" h-use-smooth-scroll-all=\"true\" data-colibri-id=\"135-c19\" class=\"h-menu h-global-transition-all h-ignore-global-body-typography has-offcanvas-none h-menu-horizontal h-dropdown-menu style-387 style-local-135-c19 position-relative h-element\">\n                  <!---->\n                  <div class=\"h-global-transition-all h-main-menu\"><div class=\"colibri-menu-container\"><ul id=\"menu-footer-menue\" class=\"colibri-menu bordered-active-item bordered-active-item--bottom effect-borders-grow grow-from-left\"><li id=\"menu-item-348\" class=\"menu-item menu-item-type-post_type menu-item-object-page menu-item-348\"><a href=\"https:\/\/zumba.drax-online.de\/?page_id=342\">Cookies<\/a><\/li>\n<li id=\"menu-item-347\" class=\"menu-item menu-item-type-post_type menu-item-object-page menu-item-347\"><a href=\"https:\/\/zumba.drax-online.de\/?page_id=340\">Datenschutz<\/a><\/li>\n<li id=\"menu-item-346\" class=\"menu-item menu-item-type-post_type menu-item-object-page menu-item-346\"><a href=\"https:\/\/zumba.drax-online.de\/?page_id=339\">Impressum<\/a><\/li>\n<\/ul><\/div><\/div>\n                  <div data-colibri-id=\"135-c20\" class=\"h-mobile-menu h-global-transition-disable style-388 style-local-135-c20 position-relative h-element\">\n                    <!---->\n                    <a data-click-outside=\"true\" data-target=\"#offcanvas-wrapper-135-c20\" data-target-id=\"offcanvas-wrapper-135-c20\" data-offcanvas-overlay-id=\"offcanvas-overlay-135-c20\" href=\"#\" data-colibri-component=\"offcanvas\" data-direction=\"right\"\n                      data-push=\"false\" title=\"Menu\" class=\"h-hamburger-button\">\n                      <div class=\"icon-container h-hamburger-icon\">\n                        <div class=\"h-icon-svg\" style=\"width: 100%; height: 100%;\">\n                          <!--Icon by Font Awesome (https:\/\/fontawesome.com)-->\n                          <svg version=\"1.1\" xmlns=\"http:\/\/www.w3.org\/2000\/svg\" xmlns:xlink=\"http:\/\/www.w3.org\/1999\/xlink\" id=\"bars\" viewBox=\"0 0 1536 1896.0833\">\n                            <path d=\"M1536 1344v128q0 26-19 45t-45 19H64q-26 0-45-19t-19-45v-128q0-26 19-45t45-19h1408q26 0 45 19t19 45zm0-512v128q0 26-19 45t-45 19H64q-26 0-45-19T0 960V832q0-26 19-45t45-19h1408q26 0 45 19t19 45zm0-512v128q0 26-19 45t-45 19H64q-26 0-45-19T0 448V320q0-26 19-45t45-19h1408q26 0 45 19t19 45z\"><\/path>\n                          <\/svg>\n                        <\/div>\n                      <\/div>\n                    <\/a>\n                    <div id=\"offcanvas-wrapper-135-c20\" class=\"h-offcanvas-panel offcanvas offcanvas-right hide force-hide style-388-offscreen style-local-135-c20-offscreen\">\n                      <div data-colibri-id=\"135-c21\" class=\"d-flex flex-column h-offscreen-panel style-389 style-local-135-c21 position-relative h-element\">\n                        <!---->\n                        <div class=\"offscreen-header h-ui-empty-state-container\">\n                          <div data-colibri-id=\"135-c23\" class=\"h-row-container gutters-row-lg-0 gutters-row-md-0 gutters-row-0 gutters-row-v-lg-0 gutters-row-v-md-0 gutters-row-v-0 style-391 style-local-135-c23 position-relative\">\n                            <!---->\n                            <div class=\"h-row justify-content-lg-center justify-content-md-center justify-content-center align-items-lg-stretch align-items-md-stretch align-items-stretch gutters-col-lg-0 gutters-col-md-0 gutters-col-0 gutters-col-v-lg-0 gutters-col-v-md-0 gutters-col-v-0\">\n                              <!---->\n                              <div class=\"h-column h-column-container d-flex h-col-lg h-col-md h-col-auto style-392-outer style-local-135-c24-outer\">\n                                <div data-colibri-id=\"135-c24\" class=\"d-flex h-flex-basis h-column__inner h-px-lg-2 h-px-md-2 h-px-2 v-inner-lg-2 v-inner-md-2 v-inner-2 style-392 style-local-135-c24 position-relative\">\n                                  <!---->\n                                  <!---->\n                                  <div class=\"w-100 h-y-container h-column__content h-column__v-align flex-basis-100 align-self-lg-start align-self-md-start align-self-start\">\n                                    <!---->\n                                    <div data-colibri-id=\"135-c25\" class=\"d-flex align-items-center text-lg-center text-md-center text-center justify-content-lg-center justify-content-md-center justify-content-center style-393 style-local-135-c25 position-relative h-element\">\n                                      <!---->\n                                      <a rel=\"home\" href=\"https:\/\/zumba.drax-online.de\/\" h-use-smooth-scroll=\"true\" class=\"d-flex align-items-center\">\n                                        <img src=\"https:\/\/zumba.drax-online.de\/wp-content\/uploads\/2021\/02\/ZV5.jpg\" class=\"h-logo__image h-logo__image_h logo-image style-393-image style-local-135-c25-image\" alt=\"\" \/>\n                                        <img src=\"https:\/\/zumba.drax-online.de\/wp-content\/uploads\/2021\/02\/ZV5.jpg\" class=\"h-logo__alt-image h-logo__alt-image_h logo-alt-image style-393-image style-local-135-c25-image\">\n                                      <\/a>\n                                    <\/div>\n                                  <\/div>\n                                <\/div>\n                              <\/div>\n                            <\/div>\n                          <\/div>\n                        <\/div>\n                        <div class=\"offscreen-content\">\n                          <!---->\n                          <div data-colibri-component=\"accordion-menu\" role=\"navigation\" h-use-smooth-scroll-all=\"true\" data-colibri-id=\"135-c22\" class=\"h-menu h-global-transition-all h-ignore-global-body-typography h-mobile-menu h-menu-accordion style-390 style-local-135-c22 position-relative h-element\">\n                            <!---->\n                            <div class=\"h-global-transition-all h-mobile-menu\"><div class=\"colibri-menu-container\"><ul id=\"menu-footer-menue-1\" class=\"colibri-menu none \"><li class=\"menu-item menu-item-type-post_type menu-item-object-page menu-item-348\"><a href=\"https:\/\/zumba.drax-online.de\/?page_id=342\">Cookies<\/a><\/li>\n<li class=\"menu-item menu-item-type-post_type menu-item-object-page menu-item-347\"><a href=\"https:\/\/zumba.drax-online.de\/?page_id=340\">Datenschutz<\/a><\/li>\n<li class=\"menu-item menu-item-type-post_type menu-item-object-page menu-item-346\"><a href=\"https:\/\/zumba.drax-online.de\/?page_id=339\">Impressum<\/a><\/li>\n<\/ul><\/div><\/div>\n                          <\/div>\n                        <\/div>\n                        <div class=\"offscreen-footer h-ui-empty-state-container\">\n                          <div data-colibri-id=\"135-c26\" class=\"h-row-container gutters-row-lg-0 gutters-row-md-0 gutters-row-0 gutters-row-v-lg-0 gutters-row-v-md-0 gutters-row-v-0 style-394 style-local-135-c26 position-relative\">\n                            <!---->\n                            <div class=\"h-row justify-content-lg-center justify-content-md-center justify-content-center align-items-lg-stretch align-items-md-stretch align-items-stretch gutters-col-lg-0 gutters-col-md-0 gutters-col-0 gutters-col-v-lg-0 gutters-col-v-md-0 gutters-col-v-0\">\n                              <!---->\n                              <div class=\"h-column h-column-container d-flex h-col-lg h-col-md h-col-auto style-395-outer style-local-135-c27-outer\">\n                                <div data-colibri-id=\"135-c27\" class=\"d-flex h-flex-basis h-column__inner h-px-lg-2 h-px-md-2 h-px-2 v-inner-lg-2 v-inner-md-2 v-inner-2 style-395 style-local-135-c27 position-relative\">\n                                  <!---->\n                                  <!---->\n                                  <div class=\"w-100 h-y-container h-column__content h-column__v-align flex-basis-100 align-self-lg-start align-self-md-start align-self-start\">\n                                    <!---->\n                                    <div data-colibri-id=\"135-c28\" class=\"h-text h-text-component style-396 style-local-135-c28 position-relative h-element\">\n                                      <!---->\n                                      <!---->\n                                      <div class=\"\">\n                                        <p>\u00a9 2021<\/p>\n                                      <\/div>\n                                    <\/div>\n                                  <\/div>\n                                <\/div>\n                              <\/div>\n                            <\/div>\n                          <\/div>\n                        <\/div>\n                      <\/div>\n                    <\/div>\n                    <div id=\"offcanvas-overlay-135-c20\" class=\"offscreen-overlay style-388-offscreenOverlay style-local-135-c20-offscreenOverlay\"><\/div>\n                  <\/div>\n                <\/div>\n              <\/div>\n            <\/div>\n          <\/div>\n        <\/div>\n      <\/div>\n    <\/div>\n  <\/div>\n<\/div>","protected":false},"excerpt":{"rendered":"<p>Mehr \u00fcber mich und meine ZUMBA Welt Hi! Mein Name ist Victoria \u2013 aber jeder nennt und ruft mich Vicky. Schon als kleines Kind habe ich es geliebt Musik zu h\u00f6ren, zu tanzen und laut zu singen. In meiner Jugend habe ich dieses Hobby nicht nur auf Disco- und Kirmes-G\u00e4ngen ausgelebt. Gemeinsam mit vielen Freunden [&hellip;]<\/p>\n","protected":false},"author":1,"featured_media":0,"parent":0,"menu_order":0,"comment_status":"closed","ping_status":"closed","template":"page-templates\/full-width-page.php","meta":[],"_links":{"self":[{"href":"https:\/\/zumba.drax-online.de\/index.php?rest_route=\/wp\/v2\/pages\/135"}],"collection":[{"href":"https:\/\/zumba.drax-online.de\/index.php?rest_route=\/wp\/v2\/pages"}],"about":[{"href":"https:\/\/zumba.drax-online.de\/index.php?rest_route=\/wp\/v2\/types\/page"}],"author":[{"embeddable":true,"href":"https:\/\/zumba.drax-online.de\/index.php?rest_route=\/wp\/v2\/users\/1"}],"replies":[{"embeddable":true,"href":"https:\/\/zumba.drax-online.de\/index.php?rest_route=%2Fwp%2Fv2%2Fcomments&post=135"}],"version-history":[{"count":20,"href":"https:\/\/zumba.drax-online.de\/index.php?rest_route=\/wp\/v2\/pages\/135\/revisions"}],"predecessor-version":[{"id":2476,"href":"https:\/\/zumba.drax-online.de\/index.php?rest_route=\/wp\/v2\/pages\/135\/revisions\/2476"}],"wp:attachment":[{"href":"https:\/\/zumba.drax-online.de\/index.php?rest_route=%2Fwp%2Fv2%2Fmedia&parent=135"}],"curies":[{"name":"wp","href":"https:\/\/api.w.org\/{rel}","templated":true}]}}